{"id":94,"date":"2011-09-12T15:41:26","date_gmt":"2011-09-12T13:41:26","guid":{"rendered":"http:\/\/warbergspaintballpark.se\/?page_id=94"},"modified":"2025-04-25T18:47:54","modified_gmt":"2025-04-25T16:47:54","slug":"warbergs-paintball-park","status":"publish","type":"page","link":"https:\/\/warbergspaintballpark.se\/","title":{"rendered":"Warbergs Paintball Park"},"content":{"rendered":"<h2><strong>V\u00e4lkommen till Warbergs Paintball Park i Varberg<\/strong><br \/>\n<strong>En av Sveriges b\u00e4sta paintball parker med j\u00e4ttefina terr\u00e4ng banor i skogsmilj\u00f6<\/strong><\/h2>\n<ul>\n<li style=\"list-style-type: none;\">\n<ul>\n<li><b>H\u00e4r f\u00e5r ni spela med v\u00e4rldens b\u00e4sta mekaniska mark\u00f6rer. EMEK100.<\/b><\/li>\n<\/ul>\n<\/li>\n<\/ul>\n<p>Vill ni hitta p\u00e5 n\u00e5got riktigt roligt s\u00e5 har ni kommit r\u00e4tt!<br \/>\nHos oss kan alla f\u00e5 uppleva lite \u00e4ventyr oavsett \u00e5lder.<br \/>\n\u00d6ppet f\u00f6r bokning alla dagar \u00e5ret runt! &nbsp;Perfekt f\u00f6r :<\/p>\n<ul>\n<li style=\"list-style-type: none;\">\n<ul>\n<li style=\"list-style-type: none;\">\n<ul>\n<li><strong> Kick-off<\/strong><\/li>\n<li><strong> Konferanser<\/strong><\/li>\n<li><strong> F\u00f6retag<\/strong><\/li>\n<li><strong> Kompisg\u00e4ng<\/strong><\/li>\n<li><strong> Skolklasser<\/strong><\/li>\n<li><strong> Svensexor<\/strong><\/li>\n<li><strong> M\u00f6hippor<\/strong><\/li>\n<li><strong> Idrottsf\u00f6reningar<\/strong><\/li>\n<li><strong> m.fl.<\/strong><\/li>\n<\/ul>\n<\/li>\n<\/ul>\n<\/li>\n<\/ul>\n<p><strong> Paintball \u00e4r ett garanterat st\u00e4mnings-h\u00f6jande, bra och sp\u00e4nnande inslag d\u00e5 s\u00e4llskap skall tr\u00e4ffas f\u00f6r att ha roligt. Man har kul!<\/strong><\/p>\n<p>Pr\u00f6va p\u00e5 paintball p\u00e5 v\u00e5ra terr\u00e4ngbanor eller v\u00e5ra t\u00e4vlingsbanor. Vi har all utrustning f\u00f6r denna f\u00e4rgglada aktivitet! Warbergs Paintball Park har Hallands mest etablerade och popul\u00e4ra bana. Man \u00e5ker faktiskt \u00e4ven fr\u00e5n Bor\u00e5s, Kungsbacka, Falkenberg, Halmstad, Laholm och G\u00f6teborg, till oss Varberg f\u00f6r att spela.<\/p>\n<h6>Varje grupp f\u00e5r gott om tid p\u00e5 sig, 2,5 timme om man \u00e4r 8 personer. 2 timmar om man \u00e4r f\u00e4rre \u00e4n 8. Man kan \u00e4ven fr\u00e5ga om mer tid n\u00e4r man ringer och bokar.<\/h6>\n<p>En egen instrukt\u00f6r ing\u00e5r och \u00e4r med er hela tiden. Instrukt\u00f6ren tar emot er n\u00e4r ni kommer, hj\u00e4lper er med att utrusta er, k\u00f6r en genomg\u00e5ng d\u00e4r ni f\u00e5r reda hur spelet g\u00e5r till och alla regler som m\u00e5ste f\u00f6ljas. Instrukt\u00f6ren torkar era masker och tr\u00e4ffarna fr\u00e5n era kl\u00e4der mellan spelen. Ser till att er utrustning \u00e4r ok och fyller p\u00e5 mer boll eller gas om det beh\u00f6vs. Ni kan bara koppla av och njuta av spelet.<\/p>\n<p>Man hinner \u00e4ven med att fika eller grilla under tiden man \u00e4r h\u00e4r. M\u00e5nga g\u00f6r det till en utflykt och kombinerar spelet med lite mat. Det g\u00e5r bra att ta med sig egen mat och vi har grillar man kan l\u00e5na. Utanf\u00f6r banorna har vi en camp med bord och b\u00e4nkar under tak, skyddat f\u00f6r vind och regn. De som inte vill spela kan vara med p\u00e5 utflykten och titta p\u00e5 spelet&nbsp;fr\u00e5n campen. Banorna \u00e4r inh\u00e4gnade med n\u00e4t och man beh\u00f6ver inte ha mask p\u00e5 sig utanf\u00f6r n\u00e4ten.<\/p>\n<p>Se v\u00e5ra priser <a href=\"http:\/\/warbergspaintballpark.se\/?page_id=77\">h\u00e4r<\/a>.<\/p>\n<p><strong>Boka &amp; info&nbsp;0705-57 89 39, obs g\u00e5r ej att smsa.<\/strong><\/p>\n","protected":false},"excerpt":{"rendered":"<p>V\u00e4lkommen till Warbergs Paintball Park i Varberg En av Sveriges b\u00e4sta paintball parker med j\u00e4ttefina terr\u00e4ng banor i skogsmilj\u00f6 H\u00e4r f\u00e5r ni spela med v\u00e4rldens b\u00e4sta mekaniska mark\u00f6rer. EMEK100. Vill ni hitta p\u00e5 n\u00e5got riktigt roligt s\u00e5 har ni kommit &hellip; <a href=\"https:\/\/warbergspaintballpark.se\/\">L\u00e4s mer <span class=\"meta-nav\">&rarr;<\/span><\/a><\/p>\n","protected":false},"author":1,"featured_media":595,"parent":0,"menu_order":0,"comment_status":"closed","ping_status":"closed","template":"sidebar-page.php","meta":{"jetpack_post_was_ever_published":false},"jetpack_shortlink":"https:\/\/wp.me\/P1RI0N-1w","jetpack_sharing_enabled":false,"_links":{"self":[{"href":"https:\/\/warbergspaintballpark.se\/index.php?rest_route=\/wp\/v2\/pages\/94"}],"collection":[{"href":"https:\/\/warbergspaintballpark.se\/index.php?rest_route=\/wp\/v2\/pages"}],"about":[{"href":"https:\/\/warbergspaintballpark.se\/index.php?rest_route=\/wp\/v2\/types\/page"}],"author":[{"embeddable":true,"href":"https:\/\/warbergspaintballpark.se\/index.php?rest_route=\/wp\/v2\/users\/1"}],"replies":[{"embeddable":true,"href":"https:\/\/warbergspaintballpark.se\/index.php?rest_route=%2Fwp%2Fv2%2Fcomments&post=94"}],"version-history":[{"count":47,"href":"https:\/\/warbergspaintballpark.se\/index.php?rest_route=\/wp\/v2\/pages\/94\/revisions"}],"predecessor-version":[{"id":623,"href":"https:\/\/warbergspaintballpark.se\/index.php?rest_route=\/wp\/v2\/pages\/94\/revisions\/623"}],"wp:featuredmedia":[{"embeddable":true,"href":"https:\/\/warbergspaintballpark.se\/index.php?rest_route=\/wp\/v2\/media\/595"}],"wp:attachment":[{"href":"https:\/\/warbergspaintballpark.se\/index.php?rest_route=%2Fwp%2Fv2%2Fmedia&parent=94"}],"curies":[{"name":"wp","href":"https:\/\/api.w.org\/{rel}","templated":true}]}}