{"id":18,"date":"2011-09-10T00:00:21","date_gmt":"2011-09-09T22:00:21","guid":{"rendered":"http:\/\/warbergspaintballpark.se\/?page_id=18"},"modified":"2020-03-30T10:02:10","modified_gmt":"2020-03-30T08:02:10","slug":"om-oss","status":"publish","type":"page","link":"https:\/\/warbergspaintballpark.se\/?page_id=18","title":{"rendered":"Om oss"},"content":{"rendered":"<h1><strong>Warbergs Paintball Park har funnits sedan 1998 och r\u00e4knas som en av Sveriges finaste paintball-anl\u00e4ggningar.<\/strong><\/h1>\n<p><!-- F\u00f6retaget. --> <a href=\"http:\/\/media.warbergspaintballpark.se\/2011\/09\/wpp005.jpg\"><img decoding=\"async\" loading=\"lazy\" class=\"alignright size-full wp-image-37\" title=\"wpp005\" src=\"http:\/\/media.warbergspaintballpark.se\/2011\/09\/wpp005.jpg\" alt=\"Warbergs Paintball Park grillning vid ute camp.\" width=\"200\" height=\"150\" \/><\/a><strong>Kort introduktion<\/strong><\/p>\n<p>Warbergs Paintball Park \u00e4r en Varbergsbaserad \u00e4ventyrs anl\u00e4ggning med paintball som specialitet. Vi ligger 6 km \u00f6ster om Varberg. Paintball \u00e4r roligt oavsett \u00e5lder eller k\u00f6n. Varje \u00e5r kommer och \u00e5terkommer massor av grupper till oss. Vi \u00e4r k\u00e4nda f\u00f6r v\u00e5r h\u00f6ga standard och v\u00e5r professionella anl\u00e4ggning. Idrottsf\u00f6reningar, f\u00f6retag, svensexor och m\u00f6hippor f\u00e5r vi m\u00e5nga bes\u00f6k av. Ringhals, Volvo, Skanska, Husl\u00e4karna, Midroc \u00e4r exempel p\u00e5 f\u00f6retag som \u00e5terkommer.<\/p>\n<p><strong>Parken<\/strong><\/p>\n<p>Parken har genom \u00e5ren vuxit fr\u00e5n en till flera banor. Varje \u00e5r bygger vi ut och f\u00f6rb\u00e4ttrar anl\u00e4ggningen. Vi har skogsbanor d\u00e4r majoriteten av v\u00e5ra hyr-kunder f\u00f6redrar att spela och f\u00e5r spela, om de inte ber om annat. Vi har t\u00e4vlingsbanor best\u00e5ende av uppbl\u00e5sta v\u00e4rn ute p\u00e5 in-n\u00e4tade fotbollsplaner. P\u00e5 dessa banor tr\u00e4nas det och spelas t\u00e4vlingspaintball. Vill man som hyrkund spela h\u00e4r s\u00e5 m\u00e5ste man speciellt fr\u00e5ga om det innan.<\/p>\n<p>Ute vid skogsbanorna har vi byggt en camp med plats f\u00f6r 60 personer under tak. D\u00e4r kan man regn och vindskyddat mellan spelrundorna \u00e4ta medhavd mat och dryck, eller om man best\u00e4llt mat fr\u00e5n oss. Sj\u00e4lva banorna \u00e4r inh\u00e4gnade med n\u00e4t och fr\u00e5n campen kan man se hur de spelar inne p\u00e5 banorna. S\u00e5 fort man f\u00e5r en tr\u00e4ff s\u00e5 f\u00e5r man g\u00e5 ut och s\u00e4tta sig i campen, tills n\u00e5gon har vunnit och det \u00e4r dags att spela en ny runda. I campen finns det Weber grillar och en stor uppmurad grill som man kan f\u00e5 l\u00e5na.<\/p>\n<p><strong>S\u00e4kerhet &amp; service<\/strong><\/p>\n<p>Det finns en del paintball-uthyrningar, d\u00e4r man k\u00f6pt lite utrustning och mer eller mindre ur bagageluckan p\u00e5 en bil delar ut utrustningen till sina kunder ute i skogen. Tyv\u00e4rr ser m\u00e5nga bara till priset och \u00e4r inte medvetna om vad de f\u00e5r. Nu t\u00e4nker vi vara lite otrevliga. \u00c4r man t.ex. idrotts-ungdomsledare och tar grupper av ungdomar dit, s\u00e5 \u00e4r t\u00e4nker man inte helt klart. Vuxna kan st\u00e5 f\u00f6r sina misstag sj\u00e4lva.<\/p>\n<p>Till skillnad fr\u00e5n de h\u00e4r uthyrningarna \u00e4r vi seri\u00f6sa och har s\u00e4kerhet och service som f\u00f6rsta prioritet. Utrustningen m\u00e5ste hanteras p\u00e5 r\u00e4tt s\u00e4tt och vara av toppklass. Gas-tankar skall provtryckas och h\u00e5lla slutdatum, masker och n\u00e4t skall kasseras efter viss tid, o.s.v. Det kostar lite att underh\u00e5lla grejerna, men sk\u00f6ter man allt r\u00e4tt s\u00e5 \u00e4r paintball mycket s\u00e4kert och helt ofarligt att h\u00e5lla p\u00e5 med. Vi har haft tusentals bes\u00f6kare genom \u00e5ren och det v\u00e4rsta som har h\u00e4nt \u00e4r lite bl\u00e5m\u00e4rken \ud83d\ude09<\/p>\n<p>Pr\u00f6va p\u00e5 paintball p\u00e5 v\u00e5ra skogsbanor eller v\u00e5ra t\u00e4vlings banor. Utav alla paintball uthyrningar i Kungsbacka, Varberg, Falkenberg, Halmstad, Laholm, har Warbergs Paintball Park den mest etablerade och popul\u00e4ra paintballen i Halland. Man \u00e5ker \u00e4ven fr\u00e5n Bor\u00e5s och G\u00f6teborg f\u00f6r att spela paintball i Varberg.<\/p>\n<p><strong>M\u00e5l<\/strong><\/p>\n<p>V\u00e5rt m\u00e5l \u00e4r att alla v\u00e5ra kunder skall k\u00e4nna att de har f\u00e5tt valuta f\u00f6r sina pengar. Servicen och upplevelsen de f\u00e5r hos oss skall vara den b\u00e4sta. Vi s\u00e4tter s\u00e4kerheten h\u00f6gt och h\u00e5ller oss med den b\u00e4sta utrustningen p\u00e5 marknaden. Vi vill helt enkelt vara b\u00e4st p\u00e5 det h\u00e4r.<\/p>\n<div id=\"attachment_40\" style=\"width: 210px\" class=\"wp-caption alignright\"><a href=\"http:\/\/media.warbergspaintballpark.se\/2011\/09\/wpp009.jpg\"><img aria-describedby=\"caption-attachment-40\" decoding=\"async\" loading=\"lazy\" class=\"size-full wp-image-40\" title=\"wpp009\" src=\"http:\/\/media.warbergspaintballpark.se\/2011\/09\/wpp009.jpg\" alt=\"SM i paintball\" width=\"200\" height=\"323\" srcset=\"http:\/\/media.warbergspaintballpark.se\/2011\/09\/wpp009.jpg 200w, http:\/\/media.warbergspaintballpark.se\/2011\/09\/wpp009-185x300.jpg 185w\" sizes=\"(max-width: 200px) 100vw, 200px\" \/><\/a><p id=\"caption-attachment-40\" class=\"wp-caption-text\">SM i Paintball i Varberg<\/p><\/div>\n<p><strong>Sport<\/strong><\/p>\n<p>Paintball \u00e4r \u00e4ven en publikv\u00e4nlig sport som spelas med uppbl\u00e5sta v\u00e4rn, p\u00e5 in-n\u00e4tade fotbolls-planer utanf\u00f6r skogen. Warbergs Paintball Park byggde redan 2005 Sveriges f\u00f6rsta permanenta t\u00e4vlingsanl\u00e4ggning med 2 banor. Vi har ett hemmalag DOW, som tr\u00e4nar regelbundet, t\u00e4vlar och r\u00f6ner framg\u00e5ngar \u00e4ven internationellt. F\u00f6rutom mindre t\u00e4vlingar, s\u00e5 h\u00e5ller vi \u00e4ven varje \u00e5r en av fem SM-delt\u00e4vlingar i Svenska Paintball SM serien. D\u00e5 \u00e4r upp till 60 lag och 300 spelare ig\u00e5ng under 2 dagar. V\u00e5r anl\u00e4ggning har kapacitet med andra ord. F\u00f6r att f\u00e5 h\u00e5lla en SM-delt\u00e4vling m\u00e5ste man ans\u00f6ka varje \u00e5r och bli godk\u00e4nda av SM-styrelsen. S\u00e4kerhet, kunskap, kapacitet, utf\u00f6rande och m\u00e5nga andra punkter m\u00e5ste uppfyllas i protokollen. Sedan 2005 d\u00e5 vi ans\u00f6kte f\u00f6rsta g\u00e5ngen, har vi varje \u00e5r f\u00e5tt h\u00e5lla en delt\u00e4vling. Vi har \u00e4ven varje \u00e5r, av spelarna blivit framr\u00f6stade som &#8221;\u00c5rets b\u00e4sta SM-delt\u00e4vling&#8221;. Vi kan paintball.<\/p>\n<p><strong>Milj\u00f6-policy <\/strong><\/p>\n<p>Warbergs Paintball Park skall ut\u00f6ver att f\u00f6lja g\u00e4llande milj\u00f6lagar och regler ocks\u00e5 arbeta f\u00f6r st\u00e4ndig f\u00f6rb\u00e4ttring inom milj\u00f6omr\u00e5det, kretsloppst\u00e4nkandet och \u00e5tervinningsgraden. Genomf\u00f6ra verksamheten p\u00e5 ett s\u00e5dant s\u00e4tt att spill och avfall minimeras och hanteras med st\u00f6rsta m\u00f6jliga milj\u00f6h\u00e4nsyn. Varje medarbetare skall fortl\u00f6pande h\u00e5llas informerad om f\u00f6retagets milj\u00f6m\u00e5l.<br \/>\nV\u00e5r m\u00e5ls\u00e4ttning \u00e4r att vara en milj\u00f6v\u00e4nlig anl\u00e4ggning.<\/p>\n","protected":false},"excerpt":{"rendered":"<p>Warbergs Paintball Park har funnits sedan 1998 och r\u00e4knas som en av Sveriges finaste paintball-anl\u00e4ggningar. Kort introduktion Warbergs Paintball Park \u00e4r en Varbergsbaserad \u00e4ventyrs anl\u00e4ggning med paintball som specialitet. Vi ligger 6 km \u00f6ster om Varberg. Paintball \u00e4r roligt oavsett &hellip; <a href=\"https:\/\/warbergspaintballpark.se\/?page_id=18\">L\u00e4s mer <span class=\"meta-nav\">&rarr;<\/span><\/a><\/p>\n","protected":false},"author":1,"featured_media":0,"parent":0,"menu_order":2,"comment_status":"closed","ping_status":"closed","template":"sidebar-page.php","meta":{"jetpack_post_was_ever_published":false},"jetpack_shortlink":"https:\/\/wp.me\/P1RI0N-i","jetpack_sharing_enabled":true,"_links":{"self":[{"href":"https:\/\/warbergspaintballpark.se\/index.php?rest_route=\/wp\/v2\/pages\/18"}],"collection":[{"href":"https:\/\/warbergspaintballpark.se\/index.php?rest_route=\/wp\/v2\/pages"}],"about":[{"href":"https:\/\/warbergspaintballpark.se\/index.php?rest_route=\/wp\/v2\/types\/page"}],"author":[{"embeddable":true,"href":"https:\/\/warbergspaintballpark.se\/index.php?rest_route=\/wp\/v2\/users\/1"}],"replies":[{"embeddable":true,"href":"https:\/\/warbergspaintballpark.se\/index.php?rest_route=%2Fwp%2Fv2%2Fcomments&post=18"}],"version-history":[{"count":22,"href":"https:\/\/warbergspaintballpark.se\/index.php?rest_route=\/wp\/v2\/pages\/18\/revisions"}],"predecessor-version":[{"id":507,"href":"https:\/\/warbergspaintballpark.se\/index.php?rest_route=\/wp\/v2\/pages\/18\/revisions\/507"}],"wp:attachment":[{"href":"https:\/\/warbergspaintballpark.se\/index.php?rest_route=%2Fwp%2Fv2%2Fmedia&parent=18"}],"curies":[{"name":"wp","href":"https:\/\/api.w.org\/{rel}","templated":true}]}}