{"id":77,"date":"2011-09-12T14:55:47","date_gmt":"2011-09-12T12:55:47","guid":{"rendered":"http:\/\/warbergspaintballpark.se\/?page_id=77"},"modified":"2025-04-09T14:17:51","modified_gmt":"2025-04-09T12:17:51","slug":"prislista","status":"publish","type":"page","link":"http:\/\/warbergspaintballpark.se\/?page_id=77","title":{"rendered":"Prislista paintball"},"content":{"rendered":"<h1><strong>Senast uppdaterad april 2025.<\/strong><\/h1>\n<p>Minst 6 pers, vid f\u00e4rre ring f\u00f6r pris. Max 80 personer.<\/p>\n<h5><img decoding=\"async\" loading=\"lazy\" src=\"http:\/\/media.warbergspaintballpark.se\/2011\/10\/punkt.gif\" alt=\"\" width=\"7\" height=\"10\" border=\"0\" \/><img decoding=\"async\" src=\"http:\/\/media.warbergspaintballpark.se\/2011\/10\/spacer.gif\" alt=\"\" width=\"10\" border=\"0\" \/> <strong>Paintball<\/strong><\/h5>\n<p><img decoding=\"async\" loading=\"lazy\" class=\"alignright wp-image-78 size-full\" title=\"wpp012\" src=\"http:\/\/media.warbergspaintballpark.se\/2011\/09\/wpp012.jpg\" alt=\"Paintballspelare som relaxar mellan rundorna.\" width=\"200\" height=\"150\" \/><\/p>\n<p>Grundpaket 450 kr \/ pers inkl 300 boll<\/p>\n<p>All utrustning ing\u00e5r. B\u00f6ssa, mask, cammo-overall, skyddsv\u00e4st, handskar, halsduk, instrukt\u00f6r, fri drivgas.<\/p>\n<p><img decoding=\"async\" loading=\"lazy\" src=\"http:\/\/media.warbergspaintballpark.se\/2011\/10\/punkt.gif\" alt=\"\" width=\"7\" height=\"10\" border=\"0\" \/><img decoding=\"async\" src=\"http:\/\/media.warbergspaintballpark.se\/2011\/10\/spacer.gif\" alt=\"\" width=\"10\" border=\"0\" \/> Extra kulor:<\/p>\n<p>100 st : 50 kr<br \/>\n500 st : 200 kr<\/p>\n<h5>Inklusive moms. Kontant eller swish. Vi tar ej kort.<\/h5>\n<hr \/>\n<h2><strong> Prislista paintball f\u00f6retag<\/strong><\/h2>\n<h5>Inklusive avdragsgill moms. Fakturering, kontant eller swish. Vi tar ej kort.<\/h5>\n<h5><img decoding=\"async\" loading=\"lazy\" src=\"http:\/\/media.warbergspaintballpark.se\/2011\/10\/punkt.gif\" alt=\"\" width=\"7\" height=\"10\" border=\"0\" \/><img decoding=\"async\" src=\"http:\/\/media.warbergspaintballpark.se\/2011\/10\/spacer.gif\" alt=\"\" width=\"10\" border=\"0\" \/><strong>Paintball<\/strong><\/h5>\n<p><img decoding=\"async\" loading=\"lazy\" class=\"alignright wp-image-79 size-full\" title=\"wpp013\" src=\"http:\/\/media.warbergspaintballpark.se\/2011\/09\/wpp013.jpg\" alt=\"Tjejer som spelar paintball, i cammo overall och mask tar ett foto i pausen.\" width=\"200\" height=\"267\" \/><\/p>\n<p>Grundpaket 450 kr \/ pers inkl 300 boll<\/p>\n<p>All utrustning ing\u00e5r.\u00a0 B\u00f6ssa, mask, cammo-overall, skyddsv\u00e4st, handskar, halsduk, instrukt\u00f6r, fri drivgas.<\/p>\n<p><img decoding=\"async\" loading=\"lazy\" src=\"http:\/\/media.warbergspaintballpark.se\/2011\/10\/punkt.gif\" alt=\"\" width=\"7\" height=\"10\" border=\"0\" \/><img decoding=\"async\" src=\"http:\/\/media.warbergspaintballpark.se\/2011\/10\/spacer.gif\" alt=\"\" width=\"10\" border=\"0\" \/> Extra kulor:<\/p>\n<p>100 st : 50 kr<br \/>\n500 st : 200 kr<\/p>\n<hr \/>\n<h2>Mat till\u00e4gg. G\u00e5r bra att ta med egen mat ocks\u00e5.<\/h2>\n<p><img decoding=\"async\" loading=\"lazy\" src=\"http:\/\/media.warbergspaintballpark.se\/2011\/10\/punkt.gif\" alt=\"\" width=\"7\" height=\"10\" border=\"0\" \/><img decoding=\"async\" src=\"http:\/\/media.warbergspaintballpark.se\/2011\/10\/spacer.gif\" alt=\"\" width=\"10\" border=\"0\" \/> <strong>Till\u00e4gg: <\/strong> &#8211; Vi grillar och ordnar med mat. Minimum antal 10 personer.<\/p>\n<p>&#8211; Kaffe 60 kr \/ pers.<img decoding=\"async\" loading=\"lazy\" class=\"alignright wp-image-81 size-full\" title=\"wpp019\" src=\"http:\/\/media.warbergspaintballpark.se\/2011\/09\/wpp019.jpg\" alt=\"Paus mellan spelen p\u00e5 paintball banan. Man grillar och \u00e4ter lite mat.\" width=\"200\" height=\"150\" \/><br \/>\nKaffe, kaka, mj\u00f6lk, socker.<\/p>\n<p>&#8211; Lilla korven 80 kr \/ pers.<br \/>\n2 smala grillkorv med br\u00f6d per person, ketchup, senap.<\/p>\n<p>&#8211; Stora korven 110 kr \/ pers.<br \/>\n2 smala eller 1 tjock grillkorv med br\u00f6d per person, ketchup, senap, potatissallad tallrikar och bestick.<\/p>\n<p><img decoding=\"async\" loading=\"lazy\" class=\"alignright wp-image-80 size-full\" title=\"wpp017\" src=\"http:\/\/media.warbergspaintballpark.se\/2011\/09\/wpp017.jpg\" alt=\"Goa paintball killar i cammo uniform!\" width=\"200\" height=\"150\" \/><\/p>\n<p>&#8211; Hamburgare 160 kr \/ st.<br \/>\nHamburgare, br\u00f6d, hamburgerdressing, tomat, sallad, ketchup.<\/p>\n<p>&#8211; Hamburgare med potatissallad 190 kr\/st<br \/>\nHamburgare, br\u00f6d, hamburgerdressing, tomat, sallad, ketchup. Potatissallad, tallrikar och bestick.<\/p>\n<p>&#8211; Grillskiva 360 kr \/ pers.<br \/>\n1 dricka, 1-2 Grillskivor, potatissallad, br\u00f6d, sm\u00f6r.<img decoding=\"async\" loading=\"lazy\" class=\"alignright wp-image-82 size-full\" title=\"wpp021\" src=\"http:\/\/media.warbergspaintballpark.se\/2011\/09\/wpp021.jpg\" alt=\"Grillning p\u00e5 paintballbanan f\u00f6r att \u00e4ta lite mellan spelen.\" width=\"200\" height=\"150\" \/><\/p>\n<p><img decoding=\"async\" loading=\"lazy\" src=\"http:\/\/media.warbergspaintballpark.se\/2011\/10\/punkt.gif\" alt=\"\" width=\"7\" height=\"10\" border=\"0\" \/><img decoding=\"async\" src=\"http:\/\/media.warbergspaintballpark.se\/2011\/10\/spacer.gif\" alt=\"\" width=\"10\" border=\"0\" \/>\u00a0<strong> Extra tid f\u00f6r att \u00e4ta beh\u00f6vs inte : <\/strong>Man hinner \u00e4ta inom tiden som man har bokat och beh\u00f6ver inte komma tidigare eller stanna efter\u00e5t. Man \u00e4ter mellan tv\u00e5 spel-rundor. S\u00e4tter fyr p\u00e5 grillen, k\u00f6r n\u00e5gon runda och de som f\u00f6rst blivit utskjutna kan b\u00f6rja grilla, eller s\u00e5 har man en &#8221;kock&#8221; vid sidan av planen som sk\u00f6ter grillen. Efter er spelning kommer det ofta nya grupper, s\u00e5 vill ni stanna efter er spelning b\u00f6r ni fr\u00e5ga oss f\u00f6rst.<\/p>\n<h2><strong>Egen Mat<\/strong><\/h2>\n<p data-wp-editing=\"1\"><img decoding=\"async\" loading=\"lazy\" src=\"http:\/\/media.warbergspaintballpark.se\/2011\/10\/punkt.gif\" alt=\"\" width=\"7\" height=\"10\" border=\"0\" \/><img decoding=\"async\" src=\"http:\/\/media.warbergspaintballpark.se\/2011\/10\/spacer.gif\" alt=\"\" width=\"10\" border=\"0\" \/> <strong>Egen mat och dricka: <\/strong>&#8211; Det g\u00e5r j\u00e4ttebra att ta med egen mat och dricka. Ni kan f\u00e5 l\u00e5na v\u00e5ra grillar. <strong>Ta med egen grillkol och t\u00e4ndv\u00e4tska.<\/strong> Det finns grupper som best\u00e4ller catering ut till paintball banan och det finns grupper som har haft dryckesprovningar. Det \u00e4r fritt fram f\u00f6r er sj\u00e4lva att best\u00e4mma vad ni vill hitta p\u00e5, men kolla g\u00e4rna med oss f\u00f6rst. <a href=\"https:\/\/warbergspaintballpark.se\/?page_id=104\">L\u00e4s mer h\u00e4r.<\/a><\/p>\n","protected":false},"excerpt":{"rendered":"<p>Senast uppdaterad april 2025. Minst 6 pers, vid f\u00e4rre ring f\u00f6r pris. Max 80 personer. Paintball Grundpaket 450 kr \/ pers inkl 300 boll All utrustning ing\u00e5r. B\u00f6ssa, mask, cammo-overall, skyddsv\u00e4st, handskar, halsduk, instrukt\u00f6r, fri drivgas. Extra kulor: 100 st &hellip; <a href=\"http:\/\/warbergspaintballpark.se\/?page_id=77\">L\u00e4s mer <span class=\"meta-nav\">&rarr;<\/span><\/a><\/p>\n","protected":false},"author":1,"featured_media":0,"parent":0,"menu_order":0,"comment_status":"closed","ping_status":"closed","template":"sidebar-page.php","meta":{"jetpack_post_was_ever_published":true},"jetpack_shortlink":"https:\/\/wp.me\/P1RI0N-1f","jetpack_sharing_enabled":true,"_links":{"self":[{"href":"http:\/\/warbergspaintballpark.se\/index.php?rest_route=\/wp\/v2\/pages\/77"}],"collection":[{"href":"http:\/\/warbergspaintballpark.se\/index.php?rest_route=\/wp\/v2\/pages"}],"about":[{"href":"http:\/\/warbergspaintballpark.se\/index.php?rest_route=\/wp\/v2\/types\/page"}],"author":[{"embeddable":true,"href":"http:\/\/warbergspaintballpark.se\/index.php?rest_route=\/wp\/v2\/users\/1"}],"replies":[{"embeddable":true,"href":"http:\/\/warbergspaintballpark.se\/index.php?rest_route=%2Fwp%2Fv2%2Fcomments&post=77"}],"version-history":[{"count":68,"href":"http:\/\/warbergspaintballpark.se\/index.php?rest_route=\/wp\/v2\/pages\/77\/revisions"}],"predecessor-version":[{"id":613,"href":"http:\/\/warbergspaintballpark.se\/index.php?rest_route=\/wp\/v2\/pages\/77\/revisions\/613"}],"wp:attachment":[{"href":"http:\/\/warbergspaintballpark.se\/index.php?rest_route=%2Fwp%2Fv2%2Fmedia&parent=77"}],"curies":[{"name":"wp","href":"https:\/\/api.w.org\/{rel}","templated":true}]}}